{"id":6071,"date":"2025-08-07T12:00:45","date_gmt":"2025-08-07T12:00:45","guid":{"rendered":"https:\/\/keyecommerce.com.tr\/?post_type=product&#038;p=6071"},"modified":"2025-08-11T18:25:18","modified_gmt":"2025-08-11T18:25:18","slug":"amazon-dropshipping-egitim-kitapcigi","status":"publish","type":"product","link":"https:\/\/keyecommerce.com.tr\/?product=amazon-dropshipping-egitim-kitapcigi","title":{"rendered":"&#8220;Amazon Dropshipping E\u011fitim&#8221; Kitap\u00e7\u0131\u011f\u0131"},"content":{"rendered":"\n<p id=\"block-fcCxDxo6HI\" class=\"wp-block-nectar-blocks-text nectar-blocks-text\"><\/p>\n\n\n\n<p id=\"block-OJiYhFAQmF\" class=\"wp-block-nectar-blocks-text nectar-blocks-text\"><\/p>\n","protected":false},"excerpt":{"rendered":"<p>Amazon\u2019da kendi ma\u011fazan\u0131z\u0131 a\u00e7arak d\u00fc\u015f\u00fck maliyetle e-ticarete ba\u015flay\u0131n!<br \/>\nBu kapsaml\u0131 rehberle, \u00fcr\u00fcn listelemeden sat\u0131\u015fa kadar t\u00fcm s\u00fcreci ad\u0131m ad\u0131m \u00f6\u011frenin.<\/p>\n<p>Bu kitap\u00e7\u0131k, e-ticarete yeni ad\u0131m atanlar ve sat\u0131\u015flar\u0131n\u0131 profesyonelle\u015ftirmek isteyenler i\u00e7in haz\u0131rlanm\u0131\u015f, 60+ sayfal\u0131k eksiksiz bir e\u011fitim kayna\u011f\u0131d\u0131r.<br \/>\nMa\u011faza kurulumundan \u00fcr\u00fcn ara\u015ft\u0131rmas\u0131na, fiyatland\u0131rma y\u00f6ntemlerinden m\u00fc\u015fteri y\u00f6netimine kadar t\u00fcm s\u00fcre\u00e7leri anla\u015f\u0131l\u0131r bir dille a\u00e7\u0131klar.<br \/>\n\u00dcr\u00fcn takibi, stok y\u00f6netimi, otomasyon ve k\u00e2r art\u0131rma teknikleri sayesinde k\u0131sa s\u00fcrede d\u00fczenli sat\u0131\u015f yapmay\u0131 \u00f6\u011frenebilirsiniz.<\/p>\n<p>\u00d6ne \u00c7\u0131kan Avantajlar<br \/>\n\t\u2022\t\u2705 Ad\u0131m ad\u0131m ma\u011faza kurulum rehberi<br \/>\n\t\u2022\t\u2705 K\u00e2rl\u0131 \u00fcr\u00fcn bulma ve analiz y\u00f6ntemleri<br \/>\n\t\u2022\t\u2705 Rekabet analizi ve stratejik konumland\u0131rma<br \/>\n\t\u2022\t\u2705 Platform politikalar\u0131na uygun \u00e7al\u0131\u015fma y\u00f6ntemleri<br \/>\n\t\u2022\t\u2705 Sat\u0131\u015f ve k\u00e2r optimizasyonu teknikleri<br \/>\n\t\u2022\t\u2705 Sipari\u015f ve m\u00fc\u015fteri y\u00f6netiminde verimlilik ipu\u00e7lar\u0131<\/p>\n<p>\ud83d\ude80 E-ticarete g\u00fc\u00e7l\u00fc bir ba\u015flang\u0131\u00e7 yap\u0131n! Hemen Amazon Dropshipping E\u011fitim Kitap\u00e7\u0131\u011f\u0131n\u0131 edinin ve kendi sat\u0131\u015f sisteminizi\u00a0kurun.<\/p>\n","protected":false},"featured_media":6072,"comment_status":"open","ping_status":"closed","template":"","meta":{"_nectar_blocks_hide_post_title":false,"_nectar_blocks_transparent_header_effect":false,"_nectar_blocks_transparent_header_effect_color":"light","_nectar_blocks_header_animation":false,"_nectar_blocks_header_animation_delay":0,"_nectar_blocks_header_animation_effect":"fade","_nectar_blocks_page_css":"","_nectar_blocks_page_js":""},"product_brand":[],"product_cat":[53],"product_tag":[],"class_list":{"0":"post-6071","1":"product","2":"type-product","3":"status-publish","4":"has-post-thumbnail","6":"product_cat-dijital-kitaplar","8":"first","9":"instock","10":"sale","11":"downloadable","12":"virtual","13":"sold-individually","14":"taxable","15":"purchasable","16":"product-type-simple"},"yoast_head":"<!-- This site is optimized with the Yoast SEO plugin v25.7 - https:\/\/yoast.com\/wordpress\/plugins\/seo\/ -->\n<title>&quot;Amazon Dropshipping E\u011fitim&quot; Kitap\u00e7\u0131\u011f\u0131 - KEY E-Commerce<\/title>\n<meta name=\"robots\" content=\"index, follow, max-snippet:-1, max-image-preview:large, max-video-preview:-1\" \/>\n<link rel=\"canonical\" href=\"https:\/\/keyecommerce.com.tr\/?product=amazon-dropshipping-egitim-kitapcigi\" \/>\n<meta property=\"og:locale\" content=\"tr_TR\" \/>\n<meta property=\"og:type\" content=\"article\" \/>\n<meta property=\"og:title\" content=\"&quot;Amazon Dropshipping E\u011fitim&quot; Kitap\u00e7\u0131\u011f\u0131 - KEY E-Commerce\" \/>\n<meta property=\"og:description\" content=\"Amazon\u2019da kendi ma\u011fazan\u0131z\u0131 a\u00e7arak d\u00fc\u015f\u00fck maliyetle e-ticarete ba\u015flay\u0131n! Bu kapsaml\u0131 rehberle, \u00fcr\u00fcn listelemeden sat\u0131\u015fa kadar t\u00fcm s\u00fcreci ad\u0131m ad\u0131m \u00f6\u011frenin.  Bu kitap\u00e7\u0131k, e-ticarete yeni ad\u0131m atanlar ve sat\u0131\u015flar\u0131n\u0131 profesyonelle\u015ftirmek isteyenler i\u00e7in haz\u0131rlanm\u0131\u015f, 60+ sayfal\u0131k eksiksiz bir e\u011fitim kayna\u011f\u0131d\u0131r. Ma\u011faza kurulumundan \u00fcr\u00fcn ara\u015ft\u0131rmas\u0131na, fiyatland\u0131rma y\u00f6ntemlerinden m\u00fc\u015fteri y\u00f6netimine kadar t\u00fcm s\u00fcre\u00e7leri anla\u015f\u0131l\u0131r bir dille a\u00e7\u0131klar. \u00dcr\u00fcn takibi, stok y\u00f6netimi, otomasyon ve k\u00e2r art\u0131rma teknikleri sayesinde k\u0131sa s\u00fcrede d\u00fczenli sat\u0131\u015f yapmay\u0131 \u00f6\u011frenebilirsiniz.  \u00d6ne \u00c7\u0131kan Avantajlar  \u2022 \u2705 Ad\u0131m ad\u0131m ma\u011faza kurulum rehberi  \u2022 \u2705 K\u00e2rl\u0131 \u00fcr\u00fcn bulma ve analiz y\u00f6ntemleri  \u2022 \u2705 Rekabet analizi ve stratejik konumland\u0131rma  \u2022 \u2705 Platform politikalar\u0131na uygun \u00e7al\u0131\u015fma y\u00f6ntemleri  \u2022 \u2705 Sat\u0131\u015f ve k\u00e2r optimizasyonu teknikleri  \u2022 \u2705 Sipari\u015f ve m\u00fc\u015fteri y\u00f6netiminde verimlilik ipu\u00e7lar\u0131  \ud83d\ude80 E-ticarete g\u00fc\u00e7l\u00fc bir ba\u015flang\u0131\u00e7 yap\u0131n! Hemen Amazon Dropshipping E\u011fitim Kitap\u00e7\u0131\u011f\u0131n\u0131 edinin ve kendi sat\u0131\u015f sisteminizi\u00a0kurun.\" \/>\n<meta property=\"og:url\" content=\"https:\/\/keyecommerce.com.tr\/?product=amazon-dropshipping-egitim-kitapcigi\" \/>\n<meta property=\"og:site_name\" content=\"KEY E-Commerce\" \/>\n<meta property=\"article:modified_time\" content=\"2025-08-11T18:25:18+00:00\" \/>\n<meta property=\"og:image\" content=\"https:\/\/keyecommerce.com.tr\/wp-content\/uploads\/2025\/08\/Key-Kitapcik-Amazon-717x1024.png\" \/>\n\t<meta property=\"og:image:width\" content=\"717\" \/>\n\t<meta property=\"og:image:height\" content=\"1024\" \/>\n\t<meta property=\"og:image:type\" content=\"image\/png\" \/>\n<meta name=\"twitter:card\" content=\"summary_large_image\" \/>\n<meta name=\"twitter:site\" content=\"@key_ecommerce\" \/>\n<meta name=\"twitter:label1\" content=\"Tahmini okuma s\u00fcresi\" \/>\n\t<meta name=\"twitter:data1\" content=\"1 dakika\" \/>\n<script type=\"application\/ld+json\" class=\"yoast-schema-graph\">{\"@context\":\"https:\/\/schema.org\",\"@graph\":[{\"@type\":\"WebPage\",\"@id\":\"https:\/\/keyecommerce.com.tr\/?product=amazon-dropshipping-egitim-kitapcigi\",\"url\":\"https:\/\/keyecommerce.com.tr\/?product=amazon-dropshipping-egitim-kitapcigi\",\"name\":\"\\\"Amazon Dropshipping E\u011fitim\\\" Kitap\u00e7\u0131\u011f\u0131 - KEY E-Commerce\",\"isPartOf\":{\"@id\":\"https:\/\/keyecommerce.com.tr\/#website\"},\"primaryImageOfPage\":{\"@id\":\"https:\/\/keyecommerce.com.tr\/?product=amazon-dropshipping-egitim-kitapcigi#primaryimage\"},\"image\":{\"@id\":\"https:\/\/keyecommerce.com.tr\/?product=amazon-dropshipping-egitim-kitapcigi#primaryimage\"},\"thumbnailUrl\":\"https:\/\/keyecommerce.com.tr\/wp-content\/uploads\/2025\/08\/Key-Kitapcik-Amazon.png\",\"datePublished\":\"2025-08-07T12:00:45+00:00\",\"dateModified\":\"2025-08-11T18:25:18+00:00\",\"breadcrumb\":{\"@id\":\"https:\/\/keyecommerce.com.tr\/?product=amazon-dropshipping-egitim-kitapcigi#breadcrumb\"},\"inLanguage\":\"tr\",\"potentialAction\":[{\"@type\":\"ReadAction\",\"target\":[\"https:\/\/keyecommerce.com.tr\/?product=amazon-dropshipping-egitim-kitapcigi\"]}]},{\"@type\":\"ImageObject\",\"inLanguage\":\"tr\",\"@id\":\"https:\/\/keyecommerce.com.tr\/?product=amazon-dropshipping-egitim-kitapcigi#primaryimage\",\"url\":\"https:\/\/keyecommerce.com.tr\/wp-content\/uploads\/2025\/08\/Key-Kitapcik-Amazon.png\",\"contentUrl\":\"https:\/\/keyecommerce.com.tr\/wp-content\/uploads\/2025\/08\/Key-Kitapcik-Amazon.png\",\"width\":3584,\"height\":5120},{\"@type\":\"BreadcrumbList\",\"@id\":\"https:\/\/keyecommerce.com.tr\/?product=amazon-dropshipping-egitim-kitapcigi#breadcrumb\",\"itemListElement\":[{\"@type\":\"ListItem\",\"position\":1,\"name\":\"Home\",\"item\":\"https:\/\/keyecommerce.com.tr\/\"},{\"@type\":\"ListItem\",\"position\":2,\"name\":\"Shop\",\"item\":\"https:\/\/keyecommerce.com.tr\/?page_id=5141\"},{\"@type\":\"ListItem\",\"position\":3,\"name\":\"&#8220;Amazon Dropshipping E\u011fitim&#8221; Kitap\u00e7\u0131\u011f\u0131\"}]},{\"@type\":\"WebSite\",\"@id\":\"https:\/\/keyecommerce.com.tr\/#website\",\"url\":\"https:\/\/keyecommerce.com.tr\/\",\"name\":\"KEY E-Commerce\",\"description\":\"E-ticarette ba\u015far\u0131n\u0131n anahtar\u0131!\",\"publisher\":{\"@id\":\"https:\/\/keyecommerce.com.tr\/#organization\"},\"potentialAction\":[{\"@type\":\"SearchAction\",\"target\":{\"@type\":\"EntryPoint\",\"urlTemplate\":\"https:\/\/keyecommerce.com.tr\/?s={search_term_string}\"},\"query-input\":{\"@type\":\"PropertyValueSpecification\",\"valueRequired\":true,\"valueName\":\"search_term_string\"}}],\"inLanguage\":\"tr\"},{\"@type\":\"Organization\",\"@id\":\"https:\/\/keyecommerce.com.tr\/#organization\",\"name\":\"KEY E-Commerce\",\"url\":\"https:\/\/keyecommerce.com.tr\/\",\"logo\":{\"@type\":\"ImageObject\",\"inLanguage\":\"tr\",\"@id\":\"https:\/\/keyecommerce.com.tr\/#\/schema\/logo\/image\/\",\"url\":\"https:\/\/keyecommerce.com.tr\/wp-content\/uploads\/2024\/12\/keyfavicon.png\",\"contentUrl\":\"https:\/\/keyecommerce.com.tr\/wp-content\/uploads\/2024\/12\/keyfavicon.png\",\"width\":512,\"height\":512,\"caption\":\"KEY E-Commerce\"},\"image\":{\"@id\":\"https:\/\/keyecommerce.com.tr\/#\/schema\/logo\/image\/\"},\"sameAs\":[\"https:\/\/x.com\/key_ecommerce\",\"https:\/\/www.instagram.com\/keyecommerce\/\",\"https:\/\/www.linkedin.com\/company\/keyecommerce\/\"]}]}<\/script>\n<!-- \/ Yoast SEO plugin. -->","yoast_head_json":{"title":"\"Amazon Dropshipping E\u011fitim\" Kitap\u00e7\u0131\u011f\u0131 - KEY E-Commerce","robots":{"index":"index","follow":"follow","max-snippet":"max-snippet:-1","max-image-preview":"max-image-preview:large","max-video-preview":"max-video-preview:-1"},"canonical":"https:\/\/keyecommerce.com.tr\/?product=amazon-dropshipping-egitim-kitapcigi","og_locale":"tr_TR","og_type":"article","og_title":"\"Amazon Dropshipping E\u011fitim\" Kitap\u00e7\u0131\u011f\u0131 - KEY E-Commerce","og_description":"Amazon\u2019da kendi ma\u011fazan\u0131z\u0131 a\u00e7arak d\u00fc\u015f\u00fck maliyetle e-ticarete ba\u015flay\u0131n! Bu kapsaml\u0131 rehberle, \u00fcr\u00fcn listelemeden sat\u0131\u015fa kadar t\u00fcm s\u00fcreci ad\u0131m ad\u0131m \u00f6\u011frenin.  Bu kitap\u00e7\u0131k, e-ticarete yeni ad\u0131m atanlar ve sat\u0131\u015flar\u0131n\u0131 profesyonelle\u015ftirmek isteyenler i\u00e7in haz\u0131rlanm\u0131\u015f, 60+ sayfal\u0131k eksiksiz bir e\u011fitim kayna\u011f\u0131d\u0131r. Ma\u011faza kurulumundan \u00fcr\u00fcn ara\u015ft\u0131rmas\u0131na, fiyatland\u0131rma y\u00f6ntemlerinden m\u00fc\u015fteri y\u00f6netimine kadar t\u00fcm s\u00fcre\u00e7leri anla\u015f\u0131l\u0131r bir dille a\u00e7\u0131klar. \u00dcr\u00fcn takibi, stok y\u00f6netimi, otomasyon ve k\u00e2r art\u0131rma teknikleri sayesinde k\u0131sa s\u00fcrede d\u00fczenli sat\u0131\u015f yapmay\u0131 \u00f6\u011frenebilirsiniz.  \u00d6ne \u00c7\u0131kan Avantajlar  \u2022 \u2705 Ad\u0131m ad\u0131m ma\u011faza kurulum rehberi  \u2022 \u2705 K\u00e2rl\u0131 \u00fcr\u00fcn bulma ve analiz y\u00f6ntemleri  \u2022 \u2705 Rekabet analizi ve stratejik konumland\u0131rma  \u2022 \u2705 Platform politikalar\u0131na uygun \u00e7al\u0131\u015fma y\u00f6ntemleri  \u2022 \u2705 Sat\u0131\u015f ve k\u00e2r optimizasyonu teknikleri  \u2022 \u2705 Sipari\u015f ve m\u00fc\u015fteri y\u00f6netiminde verimlilik ipu\u00e7lar\u0131  \ud83d\ude80 E-ticarete g\u00fc\u00e7l\u00fc bir ba\u015flang\u0131\u00e7 yap\u0131n! Hemen Amazon Dropshipping E\u011fitim Kitap\u00e7\u0131\u011f\u0131n\u0131 edinin ve kendi sat\u0131\u015f sisteminizi\u00a0kurun.","og_url":"https:\/\/keyecommerce.com.tr\/?product=amazon-dropshipping-egitim-kitapcigi","og_site_name":"KEY E-Commerce","article_modified_time":"2025-08-11T18:25:18+00:00","og_image":[{"width":717,"height":1024,"url":"https:\/\/keyecommerce.com.tr\/wp-content\/uploads\/2025\/08\/Key-Kitapcik-Amazon-717x1024.png","type":"image\/png"}],"twitter_card":"summary_large_image","twitter_site":"@key_ecommerce","twitter_misc":{"Tahmini okuma s\u00fcresi":"1 dakika"},"schema":{"@context":"https:\/\/schema.org","@graph":[{"@type":"WebPage","@id":"https:\/\/keyecommerce.com.tr\/?product=amazon-dropshipping-egitim-kitapcigi","url":"https:\/\/keyecommerce.com.tr\/?product=amazon-dropshipping-egitim-kitapcigi","name":"\"Amazon Dropshipping E\u011fitim\" Kitap\u00e7\u0131\u011f\u0131 - KEY E-Commerce","isPartOf":{"@id":"https:\/\/keyecommerce.com.tr\/#website"},"primaryImageOfPage":{"@id":"https:\/\/keyecommerce.com.tr\/?product=amazon-dropshipping-egitim-kitapcigi#primaryimage"},"image":{"@id":"https:\/\/keyecommerce.com.tr\/?product=amazon-dropshipping-egitim-kitapcigi#primaryimage"},"thumbnailUrl":"https:\/\/keyecommerce.com.tr\/wp-content\/uploads\/2025\/08\/Key-Kitapcik-Amazon.png","datePublished":"2025-08-07T12:00:45+00:00","dateModified":"2025-08-11T18:25:18+00:00","breadcrumb":{"@id":"https:\/\/keyecommerce.com.tr\/?product=amazon-dropshipping-egitim-kitapcigi#breadcrumb"},"inLanguage":"tr","potentialAction":[{"@type":"ReadAction","target":["https:\/\/keyecommerce.com.tr\/?product=amazon-dropshipping-egitim-kitapcigi"]}]},{"@type":"ImageObject","inLanguage":"tr","@id":"https:\/\/keyecommerce.com.tr\/?product=amazon-dropshipping-egitim-kitapcigi#primaryimage","url":"https:\/\/keyecommerce.com.tr\/wp-content\/uploads\/2025\/08\/Key-Kitapcik-Amazon.png","contentUrl":"https:\/\/keyecommerce.com.tr\/wp-content\/uploads\/2025\/08\/Key-Kitapcik-Amazon.png","width":3584,"height":5120},{"@type":"BreadcrumbList","@id":"https:\/\/keyecommerce.com.tr\/?product=amazon-dropshipping-egitim-kitapcigi#breadcrumb","itemListElement":[{"@type":"ListItem","position":1,"name":"Home","item":"https:\/\/keyecommerce.com.tr\/"},{"@type":"ListItem","position":2,"name":"Shop","item":"https:\/\/keyecommerce.com.tr\/?page_id=5141"},{"@type":"ListItem","position":3,"name":"&#8220;Amazon Dropshipping E\u011fitim&#8221; Kitap\u00e7\u0131\u011f\u0131"}]},{"@type":"WebSite","@id":"https:\/\/keyecommerce.com.tr\/#website","url":"https:\/\/keyecommerce.com.tr\/","name":"KEY E-Commerce","description":"E-ticarette ba\u015far\u0131n\u0131n anahtar\u0131!","publisher":{"@id":"https:\/\/keyecommerce.com.tr\/#organization"},"potentialAction":[{"@type":"SearchAction","target":{"@type":"EntryPoint","urlTemplate":"https:\/\/keyecommerce.com.tr\/?s={search_term_string}"},"query-input":{"@type":"PropertyValueSpecification","valueRequired":true,"valueName":"search_term_string"}}],"inLanguage":"tr"},{"@type":"Organization","@id":"https:\/\/keyecommerce.com.tr\/#organization","name":"KEY E-Commerce","url":"https:\/\/keyecommerce.com.tr\/","logo":{"@type":"ImageObject","inLanguage":"tr","@id":"https:\/\/keyecommerce.com.tr\/#\/schema\/logo\/image\/","url":"https:\/\/keyecommerce.com.tr\/wp-content\/uploads\/2024\/12\/keyfavicon.png","contentUrl":"https:\/\/keyecommerce.com.tr\/wp-content\/uploads\/2024\/12\/keyfavicon.png","width":512,"height":512,"caption":"KEY E-Commerce"},"image":{"@id":"https:\/\/keyecommerce.com.tr\/#\/schema\/logo\/image\/"},"sameAs":["https:\/\/x.com\/key_ecommerce","https:\/\/www.instagram.com\/keyecommerce\/","https:\/\/www.linkedin.com\/company\/keyecommerce\/"]}]}},"jetpack_sharing_enabled":true,"_links":{"self":[{"href":"https:\/\/keyecommerce.com.tr\/index.php?rest_route=\/wp\/v2\/product\/6071","targetHints":{"allow":["GET"]}}],"collection":[{"href":"https:\/\/keyecommerce.com.tr\/index.php?rest_route=\/wp\/v2\/product"}],"about":[{"href":"https:\/\/keyecommerce.com.tr\/index.php?rest_route=\/wp\/v2\/types\/product"}],"replies":[{"embeddable":true,"href":"https:\/\/keyecommerce.com.tr\/index.php?rest_route=%2Fwp%2Fv2%2Fcomments&post=6071"}],"wp:featuredmedia":[{"embeddable":true,"href":"https:\/\/keyecommerce.com.tr\/index.php?rest_route=\/wp\/v2\/media\/6072"}],"wp:attachment":[{"href":"https:\/\/keyecommerce.com.tr\/index.php?rest_route=%2Fwp%2Fv2%2Fmedia&parent=6071"}],"wp:term":[{"taxonomy":"product_brand","embeddable":true,"href":"https:\/\/keyecommerce.com.tr\/index.php?rest_route=%2Fwp%2Fv2%2Fproduct_brand&post=6071"},{"taxonomy":"product_cat","embeddable":true,"href":"https:\/\/keyecommerce.com.tr\/index.php?rest_route=%2Fwp%2Fv2%2Fproduct_cat&post=6071"},{"taxonomy":"product_tag","embeddable":true,"href":"https:\/\/keyecommerce.com.tr\/index.php?rest_route=%2Fwp%2Fv2%2Fproduct_tag&post=6071"}],"curies":[{"name":"wp","href":"https:\/\/api.w.org\/{rel}","templated":true}]}}