{"id":5143,"date":"2025-03-14T12:33:16","date_gmt":"2025-03-14T12:33:16","guid":{"rendered":"https:\/\/keyecommerce.com.tr\/?page_id=5143"},"modified":"2025-08-10T10:21:10","modified_gmt":"2025-08-10T10:21:10","slug":"checkout","status":"publish","type":"page","link":"https:\/\/keyecommerce.com.tr\/?page_id=5143","title":{"rendered":"Checkout"},"content":{"rendered":"\n<div class=\"wp-block-nectar-blocks-divider nectar-blocks-divider\" id=\"block-GbF07P5MZQ\"><div class=\"nectar-blocks-divider__inner\"><span class=\"nectar-blocks-divider__line\"><\/span><\/div><\/div>\n\n\n\n<div data-block-name=\"woocommerce\/checkout\" class=\"wp-block-woocommerce-checkout alignwide wc-block-checkout is-loading\">\n<div data-block-name=\"woocommerce\/checkout-fields-block\" class=\"wp-block-woocommerce-checkout-fields-block\">\n<div data-block-name=\"woocommerce\/checkout-express-payment-block\" class=\"wp-block-woocommerce-checkout-express-payment-block\"><\/div>\n\n\n\n<div data-block-name=\"woocommerce\/checkout-contact-information-block\" data-description=\"Bu e-postay\u0131 size sipari\u015finizle ilgili ayr\u0131nt\u0131lar\u0131 ve g\u00fcncellemeleri g\u00f6ndermek i\u00e7in kullanaca\u011f\u0131z.\" class=\"wp-block-woocommerce-checkout-contact-information-block\">\n<div data-block-name=\"mailpoet\/marketing-optin-block\" data-text=\"\u0130ndirimler ve \u00fcr\u00fcn bilgileri i\u00e7eren \u00f6zel e-postalar almak istiyorum\" class=\"wp-block-mailpoet-marketing-optin-block\"><\/div>\n<\/div>\n\n\n\n<div data-block-name=\"woocommerce\/checkout-shipping-method-block\" class=\"wp-block-woocommerce-checkout-shipping-method-block\"><\/div>\n\n\n\n<div data-block-name=\"woocommerce\/checkout-pickup-options-block\" class=\"wp-block-woocommerce-checkout-pickup-options-block\"><\/div>\n\n\n\n<div data-block-name=\"woocommerce\/checkout-shipping-address-block\" class=\"wp-block-woocommerce-checkout-shipping-address-block\"><\/div>\n\n\n\n<div data-block-name=\"woocommerce\/checkout-billing-address-block\" class=\"wp-block-woocommerce-checkout-billing-address-block\"><\/div>\n\n\n\n<div data-block-name=\"woocommerce\/checkout-shipping-methods-block\" class=\"wp-block-woocommerce-checkout-shipping-methods-block\"><\/div>\n\n\n\n<div data-block-name=\"woocommerce\/checkout-payment-block\" class=\"wp-block-woocommerce-checkout-payment-block\"><\/div>\n\n\n\n<div data-block-name=\"woocommerce\/checkout-additional-information-block\" class=\"wp-block-woocommerce-checkout-additional-information-block\"><\/div>\n\n\n\n<div data-block-name=\"woocommerce\/checkout-order-note-block\" class=\"wp-block-woocommerce-checkout-order-note-block\"><\/div>\n\n\n\n<div data-block-name=\"woocommerce\/checkout-terms-block\" class=\"wp-block-woocommerce-checkout-terms-block\"><\/div>\n\n\n\n<div data-block-name=\"woocommerce\/checkout-actions-block\" class=\"wp-block-woocommerce-checkout-actions-block\"><\/div>\n<\/div>\n\n\n\n<div data-block-name=\"woocommerce\/checkout-totals-block\" class=\"wp-block-woocommerce-checkout-totals-block\">\n<div data-block-name=\"woocommerce\/checkout-order-summary-block\" class=\"wp-block-woocommerce-checkout-order-summary-block\">\n<div data-block-name=\"woocommerce\/checkout-order-summary-cart-items-block\" class=\"wp-block-woocommerce-checkout-order-summary-cart-items-block\"><\/div>\n\n\n\n<div data-block-name=\"woocommerce\/checkout-order-summary-coupon-form-block\" class=\"wp-block-woocommerce-checkout-order-summary-coupon-form-block\"><\/div>\n\n\n\n<div data-block-name=\"woocommerce\/checkout-order-summary-totals-block\" class=\"wp-block-woocommerce-checkout-order-summary-totals-block\">\n<div data-block-name=\"woocommerce\/checkout-order-summary-subtotal-block\" class=\"wp-block-woocommerce-checkout-order-summary-subtotal-block\"><\/div>\n\n\n\n<div data-block-name=\"woocommerce\/checkout-order-summary-fee-block\" class=\"wp-block-woocommerce-checkout-order-summary-fee-block\"><\/div>\n\n\n\n<div data-block-name=\"woocommerce\/checkout-order-summary-discount-block\" class=\"wp-block-woocommerce-checkout-order-summary-discount-block\"><\/div>\n\n\n\n<div data-block-name=\"woocommerce\/checkout-order-summary-shipping-block\" class=\"wp-block-woocommerce-checkout-order-summary-shipping-block\"><\/div>\n\n\n\n<div data-block-name=\"woocommerce\/checkout-order-summary-taxes-block\" class=\"wp-block-woocommerce-checkout-order-summary-taxes-block\"><\/div>\n<\/div>\n<\/div>\n<\/div>\n<\/div>\n","protected":false},"excerpt":{"rendered":"","protected":false},"author":1,"featured_media":0,"parent":0,"menu_order":0,"comment_status":"closed","ping_status":"closed","template":"","meta":{"_nectar_blocks_hide_post_title":false,"_nectar_blocks_transparent_header_effect":false,"_nectar_blocks_transparent_header_effect_color":"light","_nectar_blocks_header_animation":false,"_nectar_blocks_header_animation_delay":0,"_nectar_blocks_header_animation_effect":"fade","_nectar_blocks_page_css":"","_nectar_blocks_page_js":"","footnotes":""},"class_list":["post-5143","page","type-page","status-publish"],"yoast_head":"<!-- This site is optimized with the Yoast SEO plugin v25.7 - https:\/\/yoast.com\/wordpress\/plugins\/seo\/ -->\n<title>Checkout - KEY E-Commerce<\/title>\n<meta name=\"robots\" content=\"index, follow, max-snippet:-1, max-image-preview:large, max-video-preview:-1\" \/>\n<link rel=\"canonical\" href=\"https:\/\/keyecommerce.com.tr\/?page_id=5143\" \/>\n<meta property=\"og:locale\" content=\"tr_TR\" \/>\n<meta property=\"og:type\" content=\"article\" \/>\n<meta property=\"og:title\" content=\"Checkout - KEY E-Commerce\" \/>\n<meta property=\"og:url\" content=\"https:\/\/keyecommerce.com.tr\/?page_id=5143\" \/>\n<meta property=\"og:site_name\" content=\"KEY E-Commerce\" \/>\n<meta property=\"article:modified_time\" content=\"2025-08-10T10:21:10+00:00\" \/>\n<meta name=\"twitter:card\" content=\"summary_large_image\" \/>\n<meta name=\"twitter:site\" content=\"@key_ecommerce\" \/>\n<script type=\"application\/ld+json\" class=\"yoast-schema-graph\">{\"@context\":\"https:\/\/schema.org\",\"@graph\":[{\"@type\":\"WebPage\",\"@id\":\"https:\/\/keyecommerce.com.tr\/?page_id=5143\",\"url\":\"https:\/\/keyecommerce.com.tr\/?page_id=5143\",\"name\":\"Checkout - KEY E-Commerce\",\"isPartOf\":{\"@id\":\"https:\/\/keyecommerce.com.tr\/#website\"},\"datePublished\":\"2025-03-14T12:33:16+00:00\",\"dateModified\":\"2025-08-10T10:21:10+00:00\",\"breadcrumb\":{\"@id\":\"https:\/\/keyecommerce.com.tr\/?page_id=5143#breadcrumb\"},\"inLanguage\":\"tr\",\"potentialAction\":[{\"@type\":\"ReadAction\",\"target\":[\"https:\/\/keyecommerce.com.tr\/?page_id=5143\"]}]},{\"@type\":\"BreadcrumbList\",\"@id\":\"https:\/\/keyecommerce.com.tr\/?page_id=5143#breadcrumb\",\"itemListElement\":[{\"@type\":\"ListItem\",\"position\":1,\"name\":\"Home\",\"item\":\"https:\/\/keyecommerce.com.tr\/\"},{\"@type\":\"ListItem\",\"position\":2,\"name\":\"Checkout\"}]},{\"@type\":\"WebSite\",\"@id\":\"https:\/\/keyecommerce.com.tr\/#website\",\"url\":\"https:\/\/keyecommerce.com.tr\/\",\"name\":\"KEY E-Commerce\",\"description\":\"E-ticarette ba\u015far\u0131n\u0131n anahtar\u0131!\",\"publisher\":{\"@id\":\"https:\/\/keyecommerce.com.tr\/#organization\"},\"potentialAction\":[{\"@type\":\"SearchAction\",\"target\":{\"@type\":\"EntryPoint\",\"urlTemplate\":\"https:\/\/keyecommerce.com.tr\/?s={search_term_string}\"},\"query-input\":{\"@type\":\"PropertyValueSpecification\",\"valueRequired\":true,\"valueName\":\"search_term_string\"}}],\"inLanguage\":\"tr\"},{\"@type\":\"Organization\",\"@id\":\"https:\/\/keyecommerce.com.tr\/#organization\",\"name\":\"KEY E-Commerce\",\"url\":\"https:\/\/keyecommerce.com.tr\/\",\"logo\":{\"@type\":\"ImageObject\",\"inLanguage\":\"tr\",\"@id\":\"https:\/\/keyecommerce.com.tr\/#\/schema\/logo\/image\/\",\"url\":\"https:\/\/keyecommerce.com.tr\/wp-content\/uploads\/2024\/12\/keyfavicon.png\",\"contentUrl\":\"https:\/\/keyecommerce.com.tr\/wp-content\/uploads\/2024\/12\/keyfavicon.png\",\"width\":512,\"height\":512,\"caption\":\"KEY E-Commerce\"},\"image\":{\"@id\":\"https:\/\/keyecommerce.com.tr\/#\/schema\/logo\/image\/\"},\"sameAs\":[\"https:\/\/x.com\/key_ecommerce\",\"https:\/\/www.instagram.com\/keyecommerce\/\",\"https:\/\/www.linkedin.com\/company\/keyecommerce\/\"]}]}<\/script>\n<!-- \/ Yoast SEO plugin. -->","yoast_head_json":{"title":"Checkout - KEY E-Commerce","robots":{"index":"index","follow":"follow","max-snippet":"max-snippet:-1","max-image-preview":"max-image-preview:large","max-video-preview":"max-video-preview:-1"},"canonical":"https:\/\/keyecommerce.com.tr\/?page_id=5143","og_locale":"tr_TR","og_type":"article","og_title":"Checkout - KEY E-Commerce","og_url":"https:\/\/keyecommerce.com.tr\/?page_id=5143","og_site_name":"KEY E-Commerce","article_modified_time":"2025-08-10T10:21:10+00:00","twitter_card":"summary_large_image","twitter_site":"@key_ecommerce","schema":{"@context":"https:\/\/schema.org","@graph":[{"@type":"WebPage","@id":"https:\/\/keyecommerce.com.tr\/?page_id=5143","url":"https:\/\/keyecommerce.com.tr\/?page_id=5143","name":"Checkout - KEY E-Commerce","isPartOf":{"@id":"https:\/\/keyecommerce.com.tr\/#website"},"datePublished":"2025-03-14T12:33:16+00:00","dateModified":"2025-08-10T10:21:10+00:00","breadcrumb":{"@id":"https:\/\/keyecommerce.com.tr\/?page_id=5143#breadcrumb"},"inLanguage":"tr","potentialAction":[{"@type":"ReadAction","target":["https:\/\/keyecommerce.com.tr\/?page_id=5143"]}]},{"@type":"BreadcrumbList","@id":"https:\/\/keyecommerce.com.tr\/?page_id=5143#breadcrumb","itemListElement":[{"@type":"ListItem","position":1,"name":"Home","item":"https:\/\/keyecommerce.com.tr\/"},{"@type":"ListItem","position":2,"name":"Checkout"}]},{"@type":"WebSite","@id":"https:\/\/keyecommerce.com.tr\/#website","url":"https:\/\/keyecommerce.com.tr\/","name":"KEY E-Commerce","description":"E-ticarette ba\u015far\u0131n\u0131n anahtar\u0131!","publisher":{"@id":"https:\/\/keyecommerce.com.tr\/#organization"},"potentialAction":[{"@type":"SearchAction","target":{"@type":"EntryPoint","urlTemplate":"https:\/\/keyecommerce.com.tr\/?s={search_term_string}"},"query-input":{"@type":"PropertyValueSpecification","valueRequired":true,"valueName":"search_term_string"}}],"inLanguage":"tr"},{"@type":"Organization","@id":"https:\/\/keyecommerce.com.tr\/#organization","name":"KEY E-Commerce","url":"https:\/\/keyecommerce.com.tr\/","logo":{"@type":"ImageObject","inLanguage":"tr","@id":"https:\/\/keyecommerce.com.tr\/#\/schema\/logo\/image\/","url":"https:\/\/keyecommerce.com.tr\/wp-content\/uploads\/2024\/12\/keyfavicon.png","contentUrl":"https:\/\/keyecommerce.com.tr\/wp-content\/uploads\/2024\/12\/keyfavicon.png","width":512,"height":512,"caption":"KEY E-Commerce"},"image":{"@id":"https:\/\/keyecommerce.com.tr\/#\/schema\/logo\/image\/"},"sameAs":["https:\/\/x.com\/key_ecommerce","https:\/\/www.instagram.com\/keyecommerce\/","https:\/\/www.linkedin.com\/company\/keyecommerce\/"]}]}},"jetpack_sharing_enabled":true,"_links":{"self":[{"href":"https:\/\/keyecommerce.com.tr\/index.php?rest_route=\/wp\/v2\/pages\/5143","targetHints":{"allow":["GET"]}}],"collection":[{"href":"https:\/\/keyecommerce.com.tr\/index.php?rest_route=\/wp\/v2\/pages"}],"about":[{"href":"https:\/\/keyecommerce.com.tr\/index.php?rest_route=\/wp\/v2\/types\/page"}],"author":[{"embeddable":true,"href":"https:\/\/keyecommerce.com.tr\/index.php?rest_route=\/wp\/v2\/users\/1"}],"replies":[{"embeddable":true,"href":"https:\/\/keyecommerce.com.tr\/index.php?rest_route=%2Fwp%2Fv2%2Fcomments&post=5143"}],"version-history":[{"count":2,"href":"https:\/\/keyecommerce.com.tr\/index.php?rest_route=\/wp\/v2\/pages\/5143\/revisions"}],"predecessor-version":[{"id":6095,"href":"https:\/\/keyecommerce.com.tr\/index.php?rest_route=\/wp\/v2\/pages\/5143\/revisions\/6095"}],"wp:attachment":[{"href":"https:\/\/keyecommerce.com.tr\/index.php?rest_route=%2Fwp%2Fv2%2Fmedia&parent=5143"}],"curies":[{"name":"wp","href":"https:\/\/api.w.org\/{rel}","templated":true}]}}