{"id":5142,"date":"2025-03-14T12:33:16","date_gmt":"2025-03-14T12:33:16","guid":{"rendered":"https:\/\/keyecommerce.com.tr\/?page_id=5142"},"modified":"2025-08-11T11:19:44","modified_gmt":"2025-08-11T11:19:44","slug":"cart","status":"publish","type":"page","link":"https:\/\/keyecommerce.com.tr\/?page_id=5142","title":{"rendered":"Cart"},"content":{"rendered":"\n<div data-block-name=\"woocommerce\/cart\" class=\"wp-block-woocommerce-cart alignwide is-loading\">\n<div data-block-name=\"woocommerce\/filled-cart-block\" class=\"wp-block-woocommerce-filled-cart-block\">\n<div data-block-name=\"woocommerce\/cart-items-block\" class=\"wp-block-woocommerce-cart-items-block\">\n<div data-block-name=\"woocommerce\/cart-line-items-block\" class=\"wp-block-woocommerce-cart-line-items-block\"><\/div>\n\n\n\n<div data-block-name=\"woocommerce\/cart-cross-sells-block\" class=\"wp-block-woocommerce-cart-cross-sells-block\">\n<h2 class=\"wp-block-heading has-large-font-size\">You may be interested in\u2026<\/h2>\n\n\n\n<div data-block-name=\"woocommerce\/cart-cross-sells-products-block\" class=\"wp-block-woocommerce-cart-cross-sells-products-block\"><\/div>\n<\/div>\n<\/div>\n\n\n\n<div data-block-name=\"woocommerce\/cart-totals-block\" class=\"wp-block-woocommerce-cart-totals-block\">\n<div data-block-name=\"woocommerce\/cart-order-summary-block\" class=\"wp-block-woocommerce-cart-order-summary-block\">\n<div data-block-name=\"woocommerce\/cart-order-summary-heading-block\" class=\"wp-block-woocommerce-cart-order-summary-heading-block\"><\/div><div data-block-name=\"woocommerce\/cart-order-summary-coupon-form-block\" class=\"wp-block-woocommerce-cart-order-summary-coupon-form-block\"><\/div><div data-block-name=\"woocommerce\/cart-order-summary-totals-block\" class=\"wp-block-woocommerce-cart-order-summary-totals-block\">\n<div data-block-name=\"woocommerce\/cart-order-summary-subtotal-block\" class=\"wp-block-woocommerce-cart-order-summary-subtotal-block\"><\/div>\n<div data-block-name=\"woocommerce\/cart-order-summary-discount-block\" class=\"wp-block-woocommerce-cart-order-summary-discount-block\"><\/div>\n<div data-block-name=\"woocommerce\/cart-order-summary-fee-block\" class=\"wp-block-woocommerce-cart-order-summary-fee-block\"><\/div>\n<div data-block-name=\"woocommerce\/cart-order-summary-shipping-block\" class=\"wp-block-woocommerce-cart-order-summary-shipping-block\"><\/div>\n<div data-block-name=\"woocommerce\/cart-order-summary-taxes-block\" class=\"wp-block-woocommerce-cart-order-summary-taxes-block\"><\/div><\/div>\n<\/div>\n\n\n\n<div data-block-name=\"woocommerce\/cart-express-payment-block\" class=\"wp-block-woocommerce-cart-express-payment-block\"><\/div>\n\n\n\n<div data-block-name=\"woocommerce\/proceed-to-checkout-block\" class=\"wp-block-woocommerce-proceed-to-checkout-block\"><\/div>\n\n\n\n<div data-block-name=\"woocommerce\/cart-accepted-payment-methods-block\" class=\"wp-block-woocommerce-cart-accepted-payment-methods-block\"><\/div>\n<\/div>\n<\/div>\n\n\n\n<div data-block-name=\"woocommerce\/empty-cart-block\" class=\"wp-block-woocommerce-empty-cart-block\">\n<h2 class=\"wp-block-heading has-text-align-center with-empty-cart-icon wc-block-cart__empty-cart__title\">Your cart is currently empty!<\/h2>\n\n\n\n<hr class=\"wp-block-separator has-alpha-channel-opacity is-style-dots\"\/>\n\n\n\n<h2 class=\"wp-block-heading has-text-align-center\">New in store<\/h2>\n\n\n<div data-block-name=\"woocommerce\/product-new\" data-columns=\"4\" data-rows=\"1\" class=\"wc-block-grid wp-block-product-new wp-block-woocommerce-product-new wc-block-product-new has-4-columns\"><ul class=\"wc-block-grid__products\"><li class=\"wc-block-grid__product\">\n\t\t\t\t<a href=\"https:\/\/keyecommerce.com.tr\/?product=nasil-satis-yapabilirim-satis-egitim-kitapcigi\" class=\"wc-block-grid__product-link\">\n\t\t\t\t\t<div class=\"wc-block-grid__product-onsale\">\n\t\t\t<span aria-hidden=\"true\">\u0130ndirim<\/span>\n\t\t\t<span class=\"screen-reader-text\">\u0130ndirimdeki \u00fcr\u00fcn<\/span>\n\t\t<\/div>\n\t\t\t\t\t<div class=\"wc-block-grid__product-image\"><img loading=\"lazy\" decoding=\"async\" width=\"300\" height=\"429\" src=\"https:\/\/keyecommerce.com.tr\/wp-content\/uploads\/2025\/08\/Key-Kitapcik-Satis-1-300x429.png\" class=\"attachment-woocommerce_thumbnail size-woocommerce_thumbnail\" alt=\"&quot;Nas\u0131l Sat\u0131\u015f Yapabilirim ?&quot; Sat\u0131\u015f E\u011fitim Kitap\u00e7\u0131\u011f\u0131\" srcset=\"https:\/\/keyecommerce.com.tr\/wp-content\/uploads\/2025\/08\/Key-Kitapcik-Satis-1-300x429.png 300w, https:\/\/keyecommerce.com.tr\/wp-content\/uploads\/2025\/08\/Key-Kitapcik-Satis-1-600x857.png 600w, https:\/\/keyecommerce.com.tr\/wp-content\/uploads\/2025\/08\/Key-Kitapcik-Satis-1-210x300.png 210w, https:\/\/keyecommerce.com.tr\/wp-content\/uploads\/2025\/08\/Key-Kitapcik-Satis-1-717x1024.png 717w, https:\/\/keyecommerce.com.tr\/wp-content\/uploads\/2025\/08\/Key-Kitapcik-Satis-1-768x1097.png 768w, https:\/\/keyecommerce.com.tr\/wp-content\/uploads\/2025\/08\/Key-Kitapcik-Satis-1-1075x1536.png 1075w, https:\/\/keyecommerce.com.tr\/wp-content\/uploads\/2025\/08\/Key-Kitapcik-Satis-1-1434x2048.png 1434w, https:\/\/keyecommerce.com.tr\/wp-content\/uploads\/2025\/08\/Key-Kitapcik-Satis-1-1320x1886.png 1320w\" sizes=\"auto, (max-width: 300px) 100vw, 300px\" \/><\/div>\n\t\t\t\t\t<div class=\"wc-block-grid__product-title\">&#8220;Nas\u0131l Sat\u0131\u015f Yapabilirim ?&#8221; Sat\u0131\u015f E\u011fitim Kitap\u00e7\u0131\u011f\u0131<\/div>\n\t\t\t\t<\/a>\n\t\t\t\t<div class=\"wc-block-grid__product-price price\"><del aria-hidden=\"true\"><span class=\"woocommerce-Price-amount amount\"><span class=\"woocommerce-Price-currencySymbol\">&#8378;<\/span>499,99<\/span><\/del> <span class=\"screen-reader-text\">Orijinal fiyat: &#8378;499,99.<\/span><ins aria-hidden=\"true\"><span class=\"woocommerce-Price-amount amount\"><span class=\"woocommerce-Price-currencySymbol\">&#8378;<\/span>349,90<\/span><\/ins><span class=\"screen-reader-text\">\u015eu andaki fiyat: &#8378;349,90.<\/span><\/div>\n\t\t\t\t\n\t\t\t\t<div class=\"wp-block-button wc-block-grid__product-add-to-cart\"><a href=\"\/index.php?rest_route=%2Fwp%2Fv2%2Fpages%2F5142&#038;add-to-cart=6068\" aria-label=\"Sepete ekle: \u201c&quot;Nas\u0131l Sat\u0131\u015f Yapabilirim ?&quot; Sat\u0131\u015f E\u011fitim Kitap\u00e7\u0131\u011f\u0131\u201d\" data-quantity=\"1\" data-product_id=\"6068\" data-product_sku=\"\" data-price=\"349.9\" rel=\"nofollow\" class=\"wp-block-button__link  add_to_cart_button ajax_add_to_cart\">Hemen Sat\u0131n Al<\/a><\/div>\n\t\t\t<\/li><li class=\"wc-block-grid__product\">\n\t\t\t\t<a href=\"https:\/\/keyecommerce.com.tr\/?product=amazon-dropshipping-egitim-kitapcigi\" class=\"wc-block-grid__product-link\">\n\t\t\t\t\t<div class=\"wc-block-grid__product-onsale\">\n\t\t\t<span aria-hidden=\"true\">\u0130ndirim<\/span>\n\t\t\t<span class=\"screen-reader-text\">\u0130ndirimdeki \u00fcr\u00fcn<\/span>\n\t\t<\/div>\n\t\t\t\t\t<div class=\"wc-block-grid__product-image\"><img loading=\"lazy\" decoding=\"async\" width=\"300\" height=\"429\" src=\"https:\/\/keyecommerce.com.tr\/wp-content\/uploads\/2025\/08\/Key-Kitapcik-Amazon-300x429.png\" class=\"attachment-woocommerce_thumbnail size-woocommerce_thumbnail\" alt=\"&quot;Amazon Dropshipping E\u011fitim&quot; Kitap\u00e7\u0131\u011f\u0131\" srcset=\"https:\/\/keyecommerce.com.tr\/wp-content\/uploads\/2025\/08\/Key-Kitapcik-Amazon-300x429.png 300w, https:\/\/keyecommerce.com.tr\/wp-content\/uploads\/2025\/08\/Key-Kitapcik-Amazon-600x857.png 600w, https:\/\/keyecommerce.com.tr\/wp-content\/uploads\/2025\/08\/Key-Kitapcik-Amazon-210x300.png 210w, https:\/\/keyecommerce.com.tr\/wp-content\/uploads\/2025\/08\/Key-Kitapcik-Amazon-717x1024.png 717w, https:\/\/keyecommerce.com.tr\/wp-content\/uploads\/2025\/08\/Key-Kitapcik-Amazon-768x1097.png 768w, https:\/\/keyecommerce.com.tr\/wp-content\/uploads\/2025\/08\/Key-Kitapcik-Amazon-1075x1536.png 1075w, https:\/\/keyecommerce.com.tr\/wp-content\/uploads\/2025\/08\/Key-Kitapcik-Amazon-1434x2048.png 1434w, https:\/\/keyecommerce.com.tr\/wp-content\/uploads\/2025\/08\/Key-Kitapcik-Amazon-1320x1886.png 1320w\" sizes=\"auto, (max-width: 300px) 100vw, 300px\" \/><\/div>\n\t\t\t\t\t<div class=\"wc-block-grid__product-title\">&#8220;Amazon Dropshipping E\u011fitim&#8221; Kitap\u00e7\u0131\u011f\u0131<\/div>\n\t\t\t\t<\/a>\n\t\t\t\t<div class=\"wc-block-grid__product-price price\"><del aria-hidden=\"true\"><span class=\"woocommerce-Price-amount amount\"><span class=\"woocommerce-Price-currencySymbol\">&#8378;<\/span>499,99<\/span><\/del> <span class=\"screen-reader-text\">Orijinal fiyat: &#8378;499,99.<\/span><ins aria-hidden=\"true\"><span class=\"woocommerce-Price-amount amount\"><span class=\"woocommerce-Price-currencySymbol\">&#8378;<\/span>349,90<\/span><\/ins><span class=\"screen-reader-text\">\u015eu andaki fiyat: &#8378;349,90.<\/span><\/div>\n\t\t\t\t\n\t\t\t\t<div class=\"wp-block-button wc-block-grid__product-add-to-cart\"><a href=\"\/index.php?rest_route=%2Fwp%2Fv2%2Fpages%2F5142&#038;add-to-cart=6071\" aria-label=\"Sepete ekle: \u201c&quot;Amazon Dropshipping E\u011fitim&quot; Kitap\u00e7\u0131\u011f\u0131\u201d\" data-quantity=\"1\" data-product_id=\"6071\" data-product_sku=\"\" data-price=\"349.9\" rel=\"nofollow\" class=\"wp-block-button__link  add_to_cart_button ajax_add_to_cart\">Hemen Sat\u0131n Al<\/a><\/div>\n\t\t\t<\/li><\/ul><\/div><\/div>\n<\/div>\n","protected":false},"excerpt":{"rendered":"","protected":false},"author":1,"featured_media":0,"parent":0,"menu_order":0,"comment_status":"closed","ping_status":"closed","template":"","meta":{"_nectar_blocks_hide_post_title":false,"_nectar_blocks_transparent_header_effect":false,"_nectar_blocks_transparent_header_effect_color":"light","_nectar_blocks_header_animation":false,"_nectar_blocks_header_animation_delay":0,"_nectar_blocks_header_animation_effect":"fade","_nectar_blocks_page_css":"","_nectar_blocks_page_js":"","footnotes":""},"class_list":["post-5142","page","type-page","status-publish"],"yoast_head":"<!-- This site is optimized with the Yoast SEO plugin v25.7 - https:\/\/yoast.com\/wordpress\/plugins\/seo\/ -->\n<title>Cart - KEY E-Commerce<\/title>\n<meta name=\"robots\" content=\"index, follow, max-snippet:-1, max-image-preview:large, max-video-preview:-1\" \/>\n<link rel=\"canonical\" href=\"https:\/\/keyecommerce.com.tr\/?page_id=5142\" \/>\n<meta property=\"og:locale\" content=\"tr_TR\" \/>\n<meta property=\"og:type\" content=\"article\" \/>\n<meta property=\"og:title\" content=\"Cart - KEY E-Commerce\" \/>\n<meta property=\"og:url\" content=\"https:\/\/keyecommerce.com.tr\/?page_id=5142\" \/>\n<meta property=\"og:site_name\" content=\"KEY E-Commerce\" \/>\n<meta property=\"article:modified_time\" content=\"2025-08-11T11:19:44+00:00\" \/>\n<meta name=\"twitter:card\" content=\"summary_large_image\" \/>\n<meta name=\"twitter:site\" content=\"@key_ecommerce\" \/>\n<script type=\"application\/ld+json\" class=\"yoast-schema-graph\">{\"@context\":\"https:\/\/schema.org\",\"@graph\":[{\"@type\":\"WebPage\",\"@id\":\"https:\/\/keyecommerce.com.tr\/?page_id=5142\",\"url\":\"https:\/\/keyecommerce.com.tr\/?page_id=5142\",\"name\":\"Cart - KEY E-Commerce\",\"isPartOf\":{\"@id\":\"https:\/\/keyecommerce.com.tr\/#website\"},\"datePublished\":\"2025-03-14T12:33:16+00:00\",\"dateModified\":\"2025-08-11T11:19:44+00:00\",\"breadcrumb\":{\"@id\":\"https:\/\/keyecommerce.com.tr\/?page_id=5142#breadcrumb\"},\"inLanguage\":\"tr\",\"potentialAction\":[{\"@type\":\"ReadAction\",\"target\":[\"https:\/\/keyecommerce.com.tr\/?page_id=5142\"]}]},{\"@type\":\"BreadcrumbList\",\"@id\":\"https:\/\/keyecommerce.com.tr\/?page_id=5142#breadcrumb\",\"itemListElement\":[{\"@type\":\"ListItem\",\"position\":1,\"name\":\"Home\",\"item\":\"https:\/\/keyecommerce.com.tr\/\"},{\"@type\":\"ListItem\",\"position\":2,\"name\":\"Cart\"}]},{\"@type\":\"WebSite\",\"@id\":\"https:\/\/keyecommerce.com.tr\/#website\",\"url\":\"https:\/\/keyecommerce.com.tr\/\",\"name\":\"KEY E-Commerce\",\"description\":\"E-ticarette ba\u015far\u0131n\u0131n anahtar\u0131!\",\"publisher\":{\"@id\":\"https:\/\/keyecommerce.com.tr\/#organization\"},\"potentialAction\":[{\"@type\":\"SearchAction\",\"target\":{\"@type\":\"EntryPoint\",\"urlTemplate\":\"https:\/\/keyecommerce.com.tr\/?s={search_term_string}\"},\"query-input\":{\"@type\":\"PropertyValueSpecification\",\"valueRequired\":true,\"valueName\":\"search_term_string\"}}],\"inLanguage\":\"tr\"},{\"@type\":\"Organization\",\"@id\":\"https:\/\/keyecommerce.com.tr\/#organization\",\"name\":\"KEY E-Commerce\",\"url\":\"https:\/\/keyecommerce.com.tr\/\",\"logo\":{\"@type\":\"ImageObject\",\"inLanguage\":\"tr\",\"@id\":\"https:\/\/keyecommerce.com.tr\/#\/schema\/logo\/image\/\",\"url\":\"https:\/\/keyecommerce.com.tr\/wp-content\/uploads\/2024\/12\/keyfavicon.png\",\"contentUrl\":\"https:\/\/keyecommerce.com.tr\/wp-content\/uploads\/2024\/12\/keyfavicon.png\",\"width\":512,\"height\":512,\"caption\":\"KEY E-Commerce\"},\"image\":{\"@id\":\"https:\/\/keyecommerce.com.tr\/#\/schema\/logo\/image\/\"},\"sameAs\":[\"https:\/\/x.com\/key_ecommerce\",\"https:\/\/www.instagram.com\/keyecommerce\/\",\"https:\/\/www.linkedin.com\/company\/keyecommerce\/\"]}]}<\/script>\n<!-- \/ Yoast SEO plugin. -->","yoast_head_json":{"title":"Cart - KEY E-Commerce","robots":{"index":"index","follow":"follow","max-snippet":"max-snippet:-1","max-image-preview":"max-image-preview:large","max-video-preview":"max-video-preview:-1"},"canonical":"https:\/\/keyecommerce.com.tr\/?page_id=5142","og_locale":"tr_TR","og_type":"article","og_title":"Cart - KEY E-Commerce","og_url":"https:\/\/keyecommerce.com.tr\/?page_id=5142","og_site_name":"KEY E-Commerce","article_modified_time":"2025-08-11T11:19:44+00:00","twitter_card":"summary_large_image","twitter_site":"@key_ecommerce","schema":{"@context":"https:\/\/schema.org","@graph":[{"@type":"WebPage","@id":"https:\/\/keyecommerce.com.tr\/?page_id=5142","url":"https:\/\/keyecommerce.com.tr\/?page_id=5142","name":"Cart - KEY E-Commerce","isPartOf":{"@id":"https:\/\/keyecommerce.com.tr\/#website"},"datePublished":"2025-03-14T12:33:16+00:00","dateModified":"2025-08-11T11:19:44+00:00","breadcrumb":{"@id":"https:\/\/keyecommerce.com.tr\/?page_id=5142#breadcrumb"},"inLanguage":"tr","potentialAction":[{"@type":"ReadAction","target":["https:\/\/keyecommerce.com.tr\/?page_id=5142"]}]},{"@type":"BreadcrumbList","@id":"https:\/\/keyecommerce.com.tr\/?page_id=5142#breadcrumb","itemListElement":[{"@type":"ListItem","position":1,"name":"Home","item":"https:\/\/keyecommerce.com.tr\/"},{"@type":"ListItem","position":2,"name":"Cart"}]},{"@type":"WebSite","@id":"https:\/\/keyecommerce.com.tr\/#website","url":"https:\/\/keyecommerce.com.tr\/","name":"KEY E-Commerce","description":"E-ticarette ba\u015far\u0131n\u0131n anahtar\u0131!","publisher":{"@id":"https:\/\/keyecommerce.com.tr\/#organization"},"potentialAction":[{"@type":"SearchAction","target":{"@type":"EntryPoint","urlTemplate":"https:\/\/keyecommerce.com.tr\/?s={search_term_string}"},"query-input":{"@type":"PropertyValueSpecification","valueRequired":true,"valueName":"search_term_string"}}],"inLanguage":"tr"},{"@type":"Organization","@id":"https:\/\/keyecommerce.com.tr\/#organization","name":"KEY E-Commerce","url":"https:\/\/keyecommerce.com.tr\/","logo":{"@type":"ImageObject","inLanguage":"tr","@id":"https:\/\/keyecommerce.com.tr\/#\/schema\/logo\/image\/","url":"https:\/\/keyecommerce.com.tr\/wp-content\/uploads\/2024\/12\/keyfavicon.png","contentUrl":"https:\/\/keyecommerce.com.tr\/wp-content\/uploads\/2024\/12\/keyfavicon.png","width":512,"height":512,"caption":"KEY E-Commerce"},"image":{"@id":"https:\/\/keyecommerce.com.tr\/#\/schema\/logo\/image\/"},"sameAs":["https:\/\/x.com\/key_ecommerce","https:\/\/www.instagram.com\/keyecommerce\/","https:\/\/www.linkedin.com\/company\/keyecommerce\/"]}]}},"jetpack_sharing_enabled":true,"_links":{"self":[{"href":"https:\/\/keyecommerce.com.tr\/index.php?rest_route=\/wp\/v2\/pages\/5142","targetHints":{"allow":["GET"]}}],"collection":[{"href":"https:\/\/keyecommerce.com.tr\/index.php?rest_route=\/wp\/v2\/pages"}],"about":[{"href":"https:\/\/keyecommerce.com.tr\/index.php?rest_route=\/wp\/v2\/types\/page"}],"author":[{"embeddable":true,"href":"https:\/\/keyecommerce.com.tr\/index.php?rest_route=\/wp\/v2\/users\/1"}],"replies":[{"embeddable":true,"href":"https:\/\/keyecommerce.com.tr\/index.php?rest_route=%2Fwp%2Fv2%2Fcomments&post=5142"}],"version-history":[{"count":1,"href":"https:\/\/keyecommerce.com.tr\/index.php?rest_route=\/wp\/v2\/pages\/5142\/revisions"}],"predecessor-version":[{"id":6088,"href":"https:\/\/keyecommerce.com.tr\/index.php?rest_route=\/wp\/v2\/pages\/5142\/revisions\/6088"}],"wp:attachment":[{"href":"https:\/\/keyecommerce.com.tr\/index.php?rest_route=%2Fwp%2Fv2%2Fmedia&parent=5142"}],"curies":[{"name":"wp","href":"https:\/\/api.w.org\/{rel}","templated":true}]}}